{"id":283,"date":"2014-06-13T07:31:13","date_gmt":"2014-06-13T07:31:13","guid":{"rendered":""},"modified":"2021-07-12T15:48:27","modified_gmt":"2021-07-12T13:48:27","slug":"shop","status":"publish","type":"page","link":"https:\/\/www.lemarin34.com\/index.php\/shop\/","title":{"rendered":"Shop"},"content":{"rendered":"<div class=\"widget__title widget--menu__title\">A votre service toute l&#8217;ann\u00e9e<\/div>\n<div class=\"widget__title widget--menu__title\"><strong>T\u00e9l\u00e9phone : <\/strong><\/div>\n<div class=\"textwidget\">\n<p>04-67-18-10-39<\/p>\n<div class=\"widget__title widget--menu__title\"><strong>Adresse :<\/strong><\/div>\n<p>8 Place de la Golette<br \/>\n34140 Bouzigues<\/p>\n<\/div>\n<div><\/div>\n<div><\/div>\n<p><iframe loading=\"lazy\" style=\"border: 0;\" src=\"https:\/\/www.google.com\/maps\/embed?pb=!1m18!1m12!1m3!1d2896.6508926913175!2d3.6560589506433545!3d43.447006673655615!2m3!1f0!2f0!3f0!3m2!1i1024!2i768!4f13.1!3m3!1m2!1s0x12b1498b75c4f593%3A0x6df99c5d93805942!2sLe%20Marin!5e0!3m2!1sfr!2sfr!4v1626095329007!5m2!1sfr!2sfr\" width=\"600\" height=\"450\" allowfullscreen=\"allowfullscreen\"><\/iframe><\/p>\n","protected":false},"excerpt":{"rendered":"<p>A votre service toute l&#8217;ann\u00e9e T\u00e9l\u00e9phone : 04-67-18-10-39 Adresse : 8 Place de la Golette 34140 Bouzigues<\/p>\n","protected":false},"author":1,"featured_media":27,"parent":0,"menu_order":0,"comment_status":"closed","ping_status":"closed","template":"","meta":{"footnotes":""},"class_list":["post-283","page","type-page","status-publish","has-post-thumbnail","hentry"],"_links":{"self":[{"href":"https:\/\/www.lemarin34.com\/index.php\/wp-json\/wp\/v2\/pages\/283"}],"collection":[{"href":"https:\/\/www.lemarin34.com\/index.php\/wp-json\/wp\/v2\/pages"}],"about":[{"href":"https:\/\/www.lemarin34.com\/index.php\/wp-json\/wp\/v2\/types\/page"}],"author":[{"embeddable":true,"href":"https:\/\/www.lemarin34.com\/index.php\/wp-json\/wp\/v2\/users\/1"}],"replies":[{"embeddable":true,"href":"https:\/\/www.lemarin34.com\/index.php\/wp-json\/wp\/v2\/comments?post=283"}],"version-history":[{"count":8,"href":"https:\/\/www.lemarin34.com\/index.php\/wp-json\/wp\/v2\/pages\/283\/revisions"}],"predecessor-version":[{"id":986,"href":"https:\/\/www.lemarin34.com\/index.php\/wp-json\/wp\/v2\/pages\/283\/revisions\/986"}],"wp:featuredmedia":[{"embeddable":true,"href":"https:\/\/www.lemarin34.com\/index.php\/wp-json\/wp\/v2\/media\/27"}],"wp:attachment":[{"href":"https:\/\/www.lemarin34.com\/index.php\/wp-json\/wp\/v2\/media?parent=283"}],"curies":[{"name":"wp","href":"https:\/\/api.w.org\/{rel}","templated":true}]}}