{"id":5,"date":"2014-05-30T08:42:12","date_gmt":"2014-05-30T08:42:12","guid":{"rendered":""},"modified":"2021-07-12T14:41:50","modified_gmt":"2021-07-12T12:41:50","slug":"frontpage","status":"publish","type":"page","link":"https:\/\/www.lemarin34.com\/","title":{"rendered":"Home Page"},"content":{"rendered":"\t<div class=\"pixcode  pixcode--grid  grid\" >\n\t\t\t<div class=\"island grid__item six-twelfths palm-one-whole\" >\n\t\t\n<p style=\"text-align: center;\"><hgroup class=\"pixcode  pixcode--heading article__headline\">\n\t<h2 class=\"headline__secondary\"><span class=\"first-letter\">D<\/span>\u00e9couvrir<\/h2>\n\t<h1 class=\"headline__primary\">Notre Histoire<\/h1>\n<\/hgroup>\n<p style=\"text-align: center;\"><div class=\"pixcode  pixcode--separator  separator separator--flower separator_color--color\">&#10043;<\/div>\n\n<p style=\"text-align: center;\"><strong>UNE AFFAIRE DE FAMILLE<\/strong><strong>.<br \/>\n<\/strong><\/p>\n<p>Le Bassin de Thau est une lagune reli\u00e9e \u00e0 la mer M\u00e9diterran\u00e9e propice \u00e0 la p\u00eache et \u00e0 la conchyliculture (\u00e9levage des coquillages).<br \/>\nNul ne sait depuis quand la famille DAVID vit de la p\u00eache \u00e0 Bouzigues. Le tout est qu\u2019elle est pr\u00e9sente aussi loin que les archives sont lues.<\/p>\n<p>C\u2019est en 1914 pendant que Pap\u00e9 Etienne continue \u00e0 p\u00eacher, Pap\u00e9 Andr\u00e9, un des pionniers, cr\u00e9e notre entreprise de production de coquillages \u00e0 Bouzigues. Depuis par g\u00e9n\u00e9rations successives Pierre puis Andr\u00e9 puis Delphine, Bertrand et Germain sont rest\u00e9s marin-p\u00eacheurs et ostr\u00e9iculteurs.<br \/>\nActuellement la soci\u00e9t\u00e9 AGRIMER regroupe ces derniers exploitants.<\/p>\n<p style=\"text-align: center;\"><strong>\u00a0<\/strong><\/p>\n\t<\/div>\n\t<div class=\"grid__item six-twelfths palm-one-whole\" >\n\t\t\n\n\t\t<style type='text\/css'>\n\t\t\t#gallery-0 {\n\t\t\t\tmargin: auto;\n\t\t\t}\n\t\t\t#gallery-0 .gallery-item {\n\t\t\t\tfloat: left;\n\t\t\t\ttext-align: center;\n\t\t\t\twidth: 100%;\n\t\t\t}\n\t\t\t\/* see gallery_shortcode() in wp-includes\/media.php *\/\n\t\t<\/style>\n\t\t<div id='gallery-0' class='gallery galleryid-5 gallery-columns-1 gallery-size-full'><figure class='gallery-item'>\n\t\t\t<div class='gallery-icon portrait'>\n\t\t\t\t<img loading=\"lazy\" decoding=\"async\" width=\"1333\" height=\"2000\" src=\"https:\/\/www.lemarin34.com\/wp-content\/uploads\/2021\/06\/restaurant-bouzigues-2.jpg\" class=\"attachment-full size-full\" alt=\"\" srcset=\"https:\/\/www.lemarin34.com\/wp-content\/uploads\/2021\/06\/restaurant-bouzigues-2.jpg 1333w, https:\/\/www.lemarin34.com\/wp-content\/uploads\/2021\/06\/restaurant-bouzigues-2-200x300.jpg 200w, https:\/\/www.lemarin34.com\/wp-content\/uploads\/2021\/06\/restaurant-bouzigues-2-682x1024.jpg 682w, https:\/\/www.lemarin34.com\/wp-content\/uploads\/2021\/06\/restaurant-bouzigues-2-768x1152.jpg 768w, https:\/\/www.lemarin34.com\/wp-content\/uploads\/2021\/06\/restaurant-bouzigues-2-1024x1536.jpg 1024w, https:\/\/www.lemarin34.com\/wp-content\/uploads\/2021\/06\/restaurant-bouzigues-2-1200x1800.jpg 1200w, https:\/\/www.lemarin34.com\/wp-content\/uploads\/2021\/06\/restaurant-bouzigues-2-900x1350.jpg 900w, https:\/\/www.lemarin34.com\/wp-content\/uploads\/2021\/06\/restaurant-bouzigues-2-400x600.jpg 400w\" sizes=\"(max-width: 1333px) 100vw, 1333px\" \/>\n\t\t\t<\/div><\/figure>\n\t\t<\/div>\n\n\t<\/div>\n\t<\/div>\n\n","protected":false},"excerpt":{"rendered":"","protected":false},"author":1,"featured_media":761,"parent":0,"menu_order":0,"comment_status":"closed","ping_status":"closed","template":"","meta":{"footnotes":""},"class_list":["post-5","page","type-page","status-publish","has-post-thumbnail","hentry"],"_links":{"self":[{"href":"https:\/\/www.lemarin34.com\/index.php\/wp-json\/wp\/v2\/pages\/5"}],"collection":[{"href":"https:\/\/www.lemarin34.com\/index.php\/wp-json\/wp\/v2\/pages"}],"about":[{"href":"https:\/\/www.lemarin34.com\/index.php\/wp-json\/wp\/v2\/types\/page"}],"author":[{"embeddable":true,"href":"https:\/\/www.lemarin34.com\/index.php\/wp-json\/wp\/v2\/users\/1"}],"replies":[{"embeddable":true,"href":"https:\/\/www.lemarin34.com\/index.php\/wp-json\/wp\/v2\/comments?post=5"}],"version-history":[{"count":10,"href":"https:\/\/www.lemarin34.com\/index.php\/wp-json\/wp\/v2\/pages\/5\/revisions"}],"predecessor-version":[{"id":969,"href":"https:\/\/www.lemarin34.com\/index.php\/wp-json\/wp\/v2\/pages\/5\/revisions\/969"}],"wp:featuredmedia":[{"embeddable":true,"href":"https:\/\/www.lemarin34.com\/index.php\/wp-json\/wp\/v2\/media\/761"}],"wp:attachment":[{"href":"https:\/\/www.lemarin34.com\/index.php\/wp-json\/wp\/v2\/media?parent=5"}],"curies":[{"name":"wp","href":"https:\/\/api.w.org\/{rel}","templated":true}]}}