{"id":69,"date":"2014-05-30T12:39:03","date_gmt":"2014-05-30T12:39:03","guid":{"rendered":""},"modified":"2026-03-23T02:36:31","modified_gmt":"2026-03-23T01:36:31","slug":"menu","status":"publish","type":"page","link":"https:\/\/www.lemarin34.com\/index.php\/menu\/","title":{"rendered":"La Carte"},"content":{"rendered":"\t<div class=\"pixcode  pixcode--grid  grid\" >\n\t\t\t<div class=\"grid__item six-twelfths palm-one-whole\" >\n\t\t\nL&#8217;\u00e9quipe du marin vous accueille toute l&#8217;ann\u00e9e au restaurant le marin \u00e0 Bouzigues.<br \/>\nLe restaurant est sp\u00e9cialis\u00e9 dans les poissons et les coquillages.<br \/>\nEtant nous m\u00eame producteurs nous vous proposons des produits frais toute l&#8217;ann\u00e9e.<br \/>\n\t<\/div>\n\t<div class=\"grid__item six-twelfths palm-one-whole\" >\n\t\t\nR\u00e9servations, Terrasse, Places assises, Chaises hautes disponibles, Acc\u00e8s personnes handicap\u00e9es, Sert de l&#8217;alcool, Accepte les cartes bancaires, Service de table<br \/>\n\t<\/div>\n\t<\/div>\n\n\t<div class=\"pixcode  pixcode--grid  grid\" >\n\t\t\t<div class=\"grid__item six-twelfths palm-one-whole\" >\n\t\t\n<div class=\"menu-list menu-list__dotted\">\n<h2 class=\"menu-list__title\">Entr\u00e9es<\/h2>\n<hr class=\"separator\"\/>\n<ul class=\"menu-list__items\">\n<li class=\"menu-list__item\">\n<h4 class=\"menu-list__item-title\"><span class=\"item_title\">Soupe de poisson maison<\/span><span class=\"dots\"><\/span><\/h4>\n<p class=\"menu-list__item-desc\"><span class=\"desc__content\"><\/span><\/p>\n<span class=\"dots\"><\/span><span class=\"menu-list__item-price\">19\u20ac<\/span><\/li>\n<li class=\"menu-list__item\">\n<h4 class=\"menu-list__item-title\"><span class=\"item_title\">Vol au vent de la mer<\/span><span class=\"dots\"><\/span><\/h4>\n<p class=\"menu-list__item-desc\"><span class=\"desc__content\"><\/span><\/p>\n<span class=\"dots\"><\/span><span class=\"menu-list__item-price\">17\u20ac<\/span><\/li>\n<li class=\"menu-list__item\">\n<h4 class=\"menu-list__item-title\"><span class=\"item_title\">Salade de filets de rouget sur toast tapenade noire<\/span><span class=\"dots\"><\/span><\/h4>\n<p class=\"menu-list__item-desc\"><span class=\"desc__content\"><\/span><\/p>\n<span class=\"dots\"><\/span><span class=\"menu-list__item-price\">16\u20ac<\/span><\/li>\n<li class=\"menu-list__item\">\n<div class=\"menu-list__item-highlight-wrapper\">\n<span class=\"menu-list__item-highlight-title\">Selection du Chef<\/span>\n<h4 class=\"menu-list__item-title\"><span class=\"item_title\">Salade du sud<\/span><span class=\"dots\"><\/span><\/h4>\n<p class=\"menu-list__item-desc\"><span class=\"desc__content\"><\/span><\/p>\n<span class=\"dots\"><\/span><span class=\"menu-list__item-price\"> 16\u20ac<\/span><\/div>\n<\/li>\n<li class=\"menu-list__item\">\n<h4 class=\"menu-list__item-title\"><span class=\"item_title\">Salade chevre chaud<\/span><span class=\"dots\"><\/span><\/h4>\n<p class=\"menu-list__item-desc\"><span class=\"desc__content\"><\/span><\/p>\n<span class=\"dots\"><\/span><span class=\"menu-list__item-price\">15\u20ac<\/span><\/li>\n<\/ul>\n<h2 class=\"menu-list__title\">Petit Mousse -12ans<\/h2>\n<hr class=\"separator\"\/>\n<ul class=\"menu-list__items\">\n<li class=\"menu-list__item\">\n<h4 class=\"menu-list__item-title\">Au choix<\/h4>\n<\/li>\n<li class=\"menu-list__item\">\n<h4 class=\"menu-list__item-title\">Poissons pan\u00e9s, p\u00e2tes<\/h4>\n<\/li>\n<li class=\"menu-list__item\">\n<h4 class=\"menu-list__item-title\">ou Nuggets de poulet, frites<\/h4>\n<\/li>\n<li class=\"menu-list__item\">\n<div class=\"menu-list__item-highlight-wrapper\">\n<span class=\"menu-list__item-highlight-title\">Dessert<\/span>\n<h4 class=\"menu-list__item-title\">2 Boules de Glace ou de Sorbet<\/h4>\n<\/div>\n<\/li>\n<\/ul>\n<h2 class=\"menu-list__title\">Seul ou \u00e0 partager<\/h2>\n<hr class=\"separator\"\/>\n<ul class=\"menu-list__items\">\n<li class=\"menu-list__item\">\n<h4 class=\"menu-list__item-title\"><span class=\"item_title\">Tapas de la mer<\/span><span class=\"dots\"><\/span><\/h4>\n<p class=\"menu-list__item-desc\"><span class=\"desc__content\"><\/span><\/p>\n<span class=\"dots\"><\/span><span class=\"menu-list__item-price\">14\u20ac<\/span><\/li>\n<li class=\"menu-list__item\">\n<h4 class=\"menu-list__item-title\"><span class=\"item_title\">Bouquet d e 12 crevettes<\/span><span class=\"dots\"><\/span><\/h4>\n<p class=\"menu-list__item-desc\"><span class=\"desc__content\"><\/span><\/p>\n<span class=\"dots\"><\/span><span class=\"menu-list__item-price\">15\u20ac<\/span><\/li>\n<li class=\"menu-list__item\">\n<h4 class=\"menu-list__item-title\"><span class=\"item_title\">Huitres gratin\u00e9es<\/span><span class=\"dots\"><\/span><\/h4>\n<p class=\"menu-list__item-desc\"><span class=\"desc__content\"><\/span><\/p>\n<span class=\"dots\"><\/span><span class=\"menu-list__item-price\">15\u20ac<\/span><\/li>\n<li class=\"menu-list__item\">\n<h4 class=\"menu-list__item-title\"><span class=\"item_title\">Moules gratin\u00e9es<\/span><span class=\"dots\"><\/span><\/h4>\n<p class=\"menu-list__item-desc\"><span class=\"desc__content\"><\/span><\/p>\n<span class=\"dots\"><\/span><span class=\"menu-list__item-price\"> 15\u20ac<\/span><\/li>\n<li class=\"menu-list__item\">\n<h4 class=\"menu-list__item-title\"><span class=\"item_title\">Panach\u00e9 gratin\u00e9es<\/span><span class=\"dots\"><\/span><\/h4>\n<p class=\"menu-list__item-desc\"><span class=\"desc__content\"><\/span><\/p>\n<span class=\"dots\"><\/span><span class=\"menu-list__item-price\">15\u20ac<\/span><\/li>\n<\/ul>\n<h2 class=\"menu-list__title\">Desserts maison 8,00 \u20ac<\/h2>\n<ul class=\"menu-list__items\">\n<li class=\"menu-list__item\">\n<h4 class=\"menu-list__item-title\">Mousse cr\u00e8me de marrons<\/h4>\n<\/li>\n<li class=\"menu-list__item\">\n<h4 class=\"menu-list__item-title\">Fondant au chocolat f\u00e8ve de tonka et cr\u00e8me anglaise<\/h4>\n<\/li>\n<li class=\"menu-list__item\">\n<h4 class=\"menu-list__item-title\">Cr\u00e8me Brul\u00e9e<\/h4>\n<\/li>\n<li class=\"menu-list__item\">\n<h4 class=\"menu-list__item-title\">Brioche perdue<\/h4>\n<\/li>\n<li class=\"menu-list__item\">\n<h4 class=\"menu-list__item-title\">Assiette de Fromages<\/h4>\n<\/li>\n<\/ul>\n<h2 class=\"menu-list__title\">Glaces 7,00 \u20ac<\/h2>\n<ul class=\"menu-list__items\">\n<li class=\"menu-list__item\">\n<h4 class=\"menu-list__item-title\">2 boules de Glaces<\/h4>\n<p class=\"menu-list__item-desc\"><span class=\"desc__content\">Vanille, Chocolat, Caf\u00e9, Pistache, Rhum-Raisins, Caramel beurre sale<\/span><\/p>\n<\/li>\n<li class=\"menu-list__item\">\n<h4 class=\"menu-list__item-title\">2 boules d e Sorbet<\/h4>\n<p class=\"menu-list__item-desc\"><span class=\"desc__content\">Citron, Poire, Fraise, Framboise, Mangue, Coco, Menthe-chocolat<\/span><\/p>\n<\/li>\n<\/ul>\n<h2 class=\"menu-list__title\">Desserts Glaces 9,00\u20ac<\/h2>\n<ul class=\"menu-list__items\">\n<li class=\"menu-list__item\">\n<h4 class=\"menu-list__item-title\">Nougat Glac\u00e9 et ses coulis fruits rouges<\/h4>\n<\/li>\n<li class=\"menu-list__item\">\n<h4 class=\"menu-list__item-title\">Truffe aux 2 Chocolats<\/h4>\n<p class=\"menu-list__item-desc\"><span class=\"desc__content\">Chocolat blanc\/ Lait c\u0153ur meringu\u00e9<\/span><\/p>\n<\/li>\n<li class=\"menu-list__item\">\n<h4 class=\"menu-list__item-title\">Marbr\u00e9 Caramel<\/h4>\n<p class=\"menu-list__item-desc\"><span class=\"desc__content\">Glace lait d'amande\/Caramel beurre sal\u00e9<\/span><\/p>\n<\/li>\n<\/ul>\n<h2 class=\"menu-list__title\">Coupes 11,00\u20ac<\/h2>\n<ul class=\"menu-list__items\">\n<li class=\"menu-list__item\">\n<h4 class=\"menu-list__item-title\">Colonel (Sorbet Citron\/ Vodka)<\/h4>\n<\/li>\n<li class=\"menu-list__item\">\n<h4 class=\"menu-list__item-title\">Marechal (Sorbet Poire\/ Poire Wiliam)<\/h4>\n<\/li>\n<li class=\"menu-list__item\">\n<h4 class=\"menu-list__item-title\">Chocolat Li\u00e9geois<\/h4>\n<\/li>\n<li class=\"menu-list__item\">\n<h4 class=\"menu-list__item-title\">Caf\u00e9 Li\u00e9geois<\/h4>\n<\/li>\n<li class=\"menu-list__item\">\n<h4 class=\"menu-list__item-title\">Dame Blanche<\/h4>\n<\/li>\n<li class=\"menu-list__item\">\n<h4 class=\"menu-list__item-title\">Irish Coffee<\/h4>\n<hr class=\"separator\"\/>\n<\/li>\n<\/ul>\n<\/div>\n\n\t<\/div>\n\t<div class=\"grid__item six-twelfths palm-one-whole\" >\n\t\t\n<div class=\"menu-list menu-list__dotted\">\n<h2 class=\"menu-list__title\">Sp\u00e9cialit\u00e9s<\/h2>\n<hr class=\"separator\"\/>\n<ul class=\"menu-list__items\">\n<li class=\"menu-list__item\">\n<h4 class=\"menu-list__item-title\"><span class=\"item_title\">Moules farcies de Mamie Ninie et ses linguines<\/span><span class=\"dots\"><\/span><\/h4>\n<p class=\"menu-list__item-desc\"><span class=\"desc__content\"><\/span><\/p>\n<span class=\"dots\"><\/span><span class=\"menu-list__item-price\">23\u20ac<\/span><\/li>\n<li class=\"menu-list__item\">\n<h4 class=\"menu-list__item-title\"><span class=\"item_title\">Seiche en rouille \u00e0 la Settoise<\/span><span class=\"dots\"><\/span><\/h4>\n<p class=\"menu-list__item-desc\"><span class=\"desc__content\"><\/span><\/p>\n<span class=\"dots\"><\/span><span class=\"menu-list__item-price\">25\u20ac<\/span><\/li>\n<li class=\"menu-list__item\">\n<h4 class=\"menu-list__item-title\"><span class=\"item_title\">Bourride d e lotte \u00e0 la Provencale<\/span><span class=\"dots\"><\/span><\/h4>\n<p class=\"menu-list__item-desc\"><span class=\"desc__content\"><\/span><\/p>\n<span class=\"dots\"><\/span><span class=\"menu-list__item-price\">16\u20ac<\/span><\/li>\n<li class=\"menu-list__item\">\n<h4 class=\"menu-list__item-title\"><span class=\"item_title\">Brochette de lottes<\/span><span class=\"dots\"><\/span><\/h4>\n<p class=\"menu-list__item-desc\"><span class=\"desc__content\"><\/span><\/p>\n<span class=\"dots\"><\/span><span class=\"menu-list__item-price\">28\u20ac<\/span><\/li>\n<li class=\"menu-list__item\">\n<h4 class=\"menu-list__item-title\"><span class=\"item_title\">Marmite du marin (Poissons fa\u00e7on bouillabaisse)<\/span><span class=\"dots\"><\/span><\/h4>\n<p class=\"menu-list__item-desc\"><span class=\"desc__content\"><\/span><\/p>\n<span class=\"dots\"><\/span><span class=\"menu-list__item-price\">29\u20ac<\/span><hr class=\"separator\"\/>\n<\/li>\n<\/ul>\n<h2 class=\"menu-list__title\">Poissons grill\u00e9s<\/h2>\n<hr class=\"separator\"\/>\n<ul class=\"menu-list__items\">\n<li class=\"menu-list__item\">\n<h4 class=\"menu-list__item-title\"><span class=\"item_title\">Seiches grill\u00e9es<\/span><span class=\"dots\"><\/span><\/h4>\n<p class=\"menu-list__item-desc\"><span class=\"desc__content\"><\/span><\/p>\n<span class=\"dots\"><\/span><span class=\"menu-list__item-price\">25\u20ac<\/span><\/li>\n<li class=\"menu-list__item\">\n<h4 class=\"menu-list__item-title\"><span class=\"item_title\">Dorade aux agrumes<\/span><span class=\"dots\"><\/span><\/h4>\n<p class=\"menu-list__item-desc\"><span class=\"desc__content\"><\/span><\/p>\n<span class=\"dots\"><\/span><span class=\"menu-list__item-price\">27\u20ac<\/span><\/li>\n<li class=\"menu-list__item\">\n<h4 class=\"menu-list__item-title\"><span class=\"item_title\">Gambas d\u00e9glac\u00e9es au pastis<\/span><span class=\"dots\"><\/span><\/h4>\n<p class=\"menu-list__item-desc\"><span class=\"desc__content\"><\/span><\/p>\n<span class=\"dots\"><\/span><span class=\"menu-list__item-price\">28\u20ac<\/span><\/li>\n<li class=\"menu-list__item\">\n<h4 class=\"menu-list__item-title\"><span class=\"item_title\">Aile de raie beurre au c\u00e2pres<\/span><span class=\"dots\"><\/span><\/h4>\n<p class=\"menu-list__item-desc\"><span class=\"desc__content\"><\/span><\/p>\n<span class=\"dots\"><\/span><span class=\"menu-list__item-price\">22\u20ac<\/span><\/li>\n<li class=\"menu-list__item\">\n<h4 class=\"menu-list__item-title\"><span class=\"item_title\">Assiette du Marin (petite parillada)<\/span><span class=\"dots\"><\/span><\/h4>\n<p class=\"menu-list__item-desc\"><span class=\"desc__content\">(Sauce au choix : a\u00efoli ou sauce vierge ou beurre c\u00e2pres)<\/span><\/p>\n<span class=\"dots\"><\/span><span class=\"menu-list__item-price\">28\u20ac<\/span><hr class=\"separator\"\/>\n<\/li>\n<\/ul>\n<h2 class=\"menu-list__title\">Viandes grill\u00e9es<\/h2>\n<hr class=\"separator\"\/>\n<ul class=\"menu-list__items\">\n<li class=\"menu-list__item\">\n<h4 class=\"menu-list__item-title\"><span class=\"item_title\">Entrec\u00f4te au bleu d'Auvergne<\/span><span class=\"dots\"><\/span><\/h4>\n<p class=\"menu-list__item-desc\"><span class=\"desc__content\"><\/span><\/p>\n<span class=\"dots\"><\/span><span class=\"menu-list__item-price\">28\u20ac<\/span><\/li>\n<li class=\"menu-list__item\">\n<h4 class=\"menu-list__item-title\"><span class=\"item_title\">Bavette \u00e0 l'\u00e9chalotte<\/span><span class=\"dots\"><\/span><\/h4>\n<p class=\"menu-list__item-desc\"><span class=\"desc__content\"><\/span><\/p>\n<span class=\"dots\"><\/span><span class=\"menu-list__item-price\">25\u20ac<\/span><hr class=\"separator\"\/>\n<span class=\"dots\"><\/span><span class=\"menu-list__item-price\"><\/span><\/li>\n<\/ul>\n<h2 class=\"menu-list__title\">MENU 30\u20ac<\/h2>\n<p class=\"menu-list__item-desc\"><span class=\"desc__content\">Entree + Plat ou Plat + Dessert 26\u20ac<\/span><\/p>\n<hr class=\"separator\"\/>\n<h2 class=\"menu-list__title\">Entr\u00e9es au choix<\/h2>\n<ul class=\"menu-list__items\">\n<li class=\"menu-list__item\">\n<h4 class=\"menu-list__item-title\">12 Crevettes<\/h4>\n<\/li>\n<li class=\"menu-list__item\">\n<h4 class=\"menu-list__item-title\">Ou Soupe de poissons<\/h4>\n<\/li>\n<li class=\"menu-list__item\">\n<h4 class=\"menu-list__item-title\">Ou Vol au vent de la mer<\/h4>\n<\/li>\n<\/ul>\n<h2 class=\"menu-list__title\">Plats au choix<\/h2>\n<ul class=\"menu-list__items\">\n<li class=\"menu-list__item\">\n<h4 class=\"menu-list__item-title\">Encornet farci<\/h4>\n<\/li>\n<li class=\"menu-list__item\">\n<h4 class=\"menu-list__item-title\">Ou Aile de raie sauce c\u00e2pres<\/h4>\n<\/li>\n<li class=\"menu-list__item\">\n<h4 class=\"menu-list__item-title\">Ou Bavette frites<\/h4>\n<\/li>\n<\/ul>\n<h2 class=\"menu-list__title\">Desserts au choix<\/h2>\n<ul class=\"menu-list__items\">\n<li class=\"menu-list__item\">\n<h4 class=\"menu-list__item-title\">Dessert du jour<\/h4>\n<\/li>\n<li class=\"menu-list__item\">\n<h4 class=\"menu-list__item-title\">Glaces ou Sorbets<\/h4>\n<\/li>\n<\/ul>\n<h2 class=\"menu-list__title\">Menu 40\u20ac<\/h2>\n<hr class=\"separator\"\/>\n<h2 class=\"menu-list__title\">Entr\u00e9es au choix<\/h2>\n<ul class=\"menu-list__items\">\n<li class=\"menu-list__item\">\n<h4 class=\"menu-list__item-title\">8 Crevettes 8 Escargots<\/h4>\n<\/li>\n<li class=\"menu-list__item\">\n<h4 class=\"menu-list__item-title\">Ou soupe de poissons<\/h4>\n<\/li>\n<li class=\"menu-list__item\">\n<h4 class=\"menu-list__item-title\">Ou Salade de rougets et toast de tapenade<\/h4>\n<\/li>\n<\/ul>\n<h2 class=\"menu-list__title\">Plats au choix<\/h2>\n<ul class=\"menu-list__items\">\n<li class=\"menu-list__item\">\n<h4 class=\"menu-list__item-title\">Entrec\u00f4te frites<\/h4>\n<\/li>\n<li class=\"menu-list__item\">\n<h4 class=\"menu-list__item-title\">Ou Bourride de lotte<\/h4>\n<\/li>\n<li class=\"menu-list__item\">\n<h4 class=\"menu-list__item-title\">Ou Po\u00eal\u00e9e de Gambas<\/h4>\n<\/li>\n<\/ul>\n<h2 class=\"menu-list__title\">Desserts au choix<\/h2>\n<ul class=\"menu-list__items\">\n<li class=\"menu-list__item\">\n<h4 class=\"menu-list__item-title\">Choix \u00e0 la carte<\/h4>\n<\/li>\n<\/ul>\n<h2 class=\"menu-list__title\">Menu en semaine 23\u20ac<\/h2>\n<hr class=\"separator\"\/>\n<h2 class=\"menu-list__title\">Entr\u00e9es au choix<\/h2>\n<ul class=\"menu-list__items\">\n<li class=\"menu-list__item\">\n<h4 class=\"menu-list__item-title\">6 hu\u00eetres (si Exondines + 3 \u20ac)<\/h4>\n<\/li>\n<li class=\"menu-list__item\">\n<h4 class=\"menu-list__item-title\">Ou velout\u00e9 de saison<\/h4>\n<\/li>\n<li class=\"menu-list__item\">\n<h4 class=\"menu-list__item-title\">Ou La chevrette (salade)<\/h4>\n<\/li>\n<\/ul>\n<h2 class=\"menu-list__title\">Plats au choix<\/h2>\n<ul class=\"menu-list__items\">\n<li class=\"menu-list__item\">\n<h4 class=\"menu-list__item-title\">Filet de limande beurre citronn\u00e9<\/h4>\n<\/li>\n<li class=\"menu-list__item\">\n<h4 class=\"menu-list__item-title\">Ou Saucisse fa\u00e7on macaronade<\/h4>\n<\/li>\n<li class=\"menu-list__item\">\n<h4 class=\"menu-list__item-title\">Ou Cassolette de moules poireaux<\/h4>\n<\/li>\n<\/ul>\n<h2 class=\"menu-list__title\">Desserts au choix<\/h2>\n<ul class=\"menu-list__items\">\n<li class=\"menu-list__item\">\n<h4 class=\"menu-list__item-title\">Deux boules de glace<\/h4>\n<\/li>\n<li class=\"menu-list__item\">\n<h4 class=\"menu-list__item-title\">Ou Brioche perdue<\/h4>\n<\/li>\n<li class=\"menu-list__item\">\n<h4 class=\"menu-list__item-title\">Ou Assiette d e Coulommiers<\/h4>\n<\/li>\n<\/ul>\n<\/div>\n\n\t<\/div>\n\t<\/div>\n\n<p>&nbsp;<\/p>\n","protected":false},"excerpt":{"rendered":"<p>&nbsp;<\/p>\n","protected":false},"author":1,"featured_media":24,"parent":0,"menu_order":0,"comment_status":"closed","ping_status":"closed","template":"","meta":{"footnotes":""},"class_list":["post-69","page","type-page","status-publish","has-post-thumbnail","hentry"],"_links":{"self":[{"href":"https:\/\/www.lemarin34.com\/index.php\/wp-json\/wp\/v2\/pages\/69"}],"collection":[{"href":"https:\/\/www.lemarin34.com\/index.php\/wp-json\/wp\/v2\/pages"}],"about":[{"href":"https:\/\/www.lemarin34.com\/index.php\/wp-json\/wp\/v2\/types\/page"}],"author":[{"embeddable":true,"href":"https:\/\/www.lemarin34.com\/index.php\/wp-json\/wp\/v2\/users\/1"}],"replies":[{"embeddable":true,"href":"https:\/\/www.lemarin34.com\/index.php\/wp-json\/wp\/v2\/comments?post=69"}],"version-history":[{"count":46,"href":"https:\/\/www.lemarin34.com\/index.php\/wp-json\/wp\/v2\/pages\/69\/revisions"}],"predecessor-version":[{"id":1024,"href":"https:\/\/www.lemarin34.com\/index.php\/wp-json\/wp\/v2\/pages\/69\/revisions\/1024"}],"wp:featuredmedia":[{"embeddable":true,"href":"https:\/\/www.lemarin34.com\/index.php\/wp-json\/wp\/v2\/media\/24"}],"wp:attachment":[{"href":"https:\/\/www.lemarin34.com\/index.php\/wp-json\/wp\/v2\/media?parent=69"}],"curies":[{"name":"wp","href":"https:\/\/api.w.org\/{rel}","templated":true}]}}