{"id":987,"date":"2021-07-12T16:19:02","date_gmt":"2021-07-12T14:19:02","guid":{"rendered":"http:\/\/www.lemarin34.com\/?page_id=987"},"modified":"2021-07-12T16:40:20","modified_gmt":"2021-07-12T14:40:20","slug":"le-bateau","status":"publish","type":"page","link":"https:\/\/www.lemarin34.com\/index.php\/le-bateau\/","title":{"rendered":"Le bateau"},"content":{"rendered":"\r\n\t<div class=\"pixcode  pixcode--grid  grid\" >\n\t\t\t<div class=\"promo-box grid__item one-whole palm-one-whole\" >\n\t\t<div class=\"promo-box__container\">\r\n<p>A bord du Bleu Marin, partez \u00e0 la d \u00e9couverte de la conchyliculture et de ses parcs de production.<br \/>Professionnels dans ce m\u00e9tier depuis quatre g\u00e9n\u00e9rations, nous vous emmenons au coeur de notre exploitation.<br \/>Cette visite vous permettra de mieux appr\u00e9hender les caract\u00e9ristiques et les secrets de l&#8217;\u00e9levage des moules et des hu\u00eetres de Bouzigues.<br \/>Elle est compl\u00e9mentaire de la visite du Mus\u00e9e de l&#8217;Etang de Thau, qui explique l&#8217;\u00e9volution des techniques d&#8217;\u00e9levage, des temps anciens jusqu&#8217;\u00e0 nos jours.<\/p>\r\n<\/div>\t<\/div>\n\t<\/div>\n\r\n<h4><strong>Le bateau :<\/strong><\/h4>\r\n<p>Caract\u00e9ristiques du bateau\u00a0: <br \/>Bateau semi couvert<br \/>Navire de transport de passager agr\u00e9\u00e9 Bureau Veritas<br \/>Capacit\u00e9 d\u2019accueil maximale\u00a0: 65 personnes<br \/>Capacit\u00e9 plage avant\u00a0: 18 personnes<br \/>Capacit\u00e9 salon\u00a0abrit\u00e9\u00a0: 30 personnes<br \/>Capacit\u00e9 plage arri\u00e8re\u00a0: 17 personnes<br \/>Habilit\u00e9 Education Nationale : 60 \u00e9l\u00e8ves et 5 accompagnateurs<br \/>\t<div class=\"pixcode  pixcode--grid  grid\" >\n\t\t\t<div class=\"promo-box grid__item one-whole palm-one-whole\" >\n\t\t<div class=\"promo-box__container\">\r\n<h4><strong>Contact et r\u00e9servation :<\/strong><\/h4>\r\n<p><span class=\"gras\">Tel : <\/span>06.03.31.44.90<br \/>\u00a0 \u00a0 \u00a0 \u00a0 09.67.20.10.49<\/p>\r\n<\/div>\t<\/div>\n\t<\/div>\n\r\n<p>&nbsp;<\/p>\r\n","protected":false},"excerpt":{"rendered":"<p>Le bateau : Caract\u00e9ristiques du bateau\u00a0: Bateau semi couvertNavire de transport de passager agr\u00e9\u00e9 Bureau VeritasCapacit\u00e9 d\u2019accueil maximale\u00a0: 65 personnesCapacit\u00e9 plage avant\u00a0: 18 personnesCapacit\u00e9 salon\u00a0abrit\u00e9\u00a0: 30 personnesCapacit\u00e9 plage arri\u00e8re\u00a0: 17 personnesHabilit\u00e9 Education Nationale : 60 \u00e9l\u00e8ves et 5 accompagnateurs &nbsp;<\/p>\n","protected":false},"author":1,"featured_media":788,"parent":0,"menu_order":0,"comment_status":"closed","ping_status":"open","template":"","meta":{"footnotes":""},"class_list":["post-987","page","type-page","status-publish","has-post-thumbnail","hentry"],"_links":{"self":[{"href":"https:\/\/www.lemarin34.com\/index.php\/wp-json\/wp\/v2\/pages\/987"}],"collection":[{"href":"https:\/\/www.lemarin34.com\/index.php\/wp-json\/wp\/v2\/pages"}],"about":[{"href":"https:\/\/www.lemarin34.com\/index.php\/wp-json\/wp\/v2\/types\/page"}],"author":[{"embeddable":true,"href":"https:\/\/www.lemarin34.com\/index.php\/wp-json\/wp\/v2\/users\/1"}],"replies":[{"embeddable":true,"href":"https:\/\/www.lemarin34.com\/index.php\/wp-json\/wp\/v2\/comments?post=987"}],"version-history":[{"count":11,"href":"https:\/\/www.lemarin34.com\/index.php\/wp-json\/wp\/v2\/pages\/987\/revisions"}],"predecessor-version":[{"id":1001,"href":"https:\/\/www.lemarin34.com\/index.php\/wp-json\/wp\/v2\/pages\/987\/revisions\/1001"}],"wp:featuredmedia":[{"embeddable":true,"href":"https:\/\/www.lemarin34.com\/index.php\/wp-json\/wp\/v2\/media\/788"}],"wp:attachment":[{"href":"https:\/\/www.lemarin34.com\/index.php\/wp-json\/wp\/v2\/media?parent=987"}],"curies":[{"name":"wp","href":"https:\/\/api.w.org\/{rel}","templated":true}]}}